{"id":21951,"date":"2026-03-23T11:55:08","date_gmt":"2026-03-23T11:55:08","guid":{"rendered":"https:\/\/ipsilonlabs.com\/?post_type=product&#038;p=21951"},"modified":"2026-03-23T13:34:09","modified_gmt":"2026-03-23T13:34:09","slug":"medidor-gases","status":"publish","type":"product","link":"https:\/\/ipsilonlabs.com\/en\/product\/medidor-gases\/","title":{"rendered":"Gas flow meter (Air, N\u2082, O\u2082, CO\u2082, Ar)"},"content":{"rendered":"<section class=\"wpb-content-wrapper\"><div  data-delay=\"0\" data-vc-full-width=\"true\" data-vc-full-width-init=\"false\" class=\"vc_row wpb_row vc_row-fluid\"><div class=\"wpb_column vc_column_container vc_col-sm-6\" data-delay=\"0\"><div class=\"vc_column-inner\"><div class=\"wpb_wrapper\">Please provide product id to display corresponding data!<\/div><\/div><\/div>\n<div class=\"wpb_column vc_column_container vc_col-sm-6\" data-delay=\"0\"><div class=\"vc_column-inner\"><div class=\"wpb_wrapper\"><div class=\"vc_row wpb_row vc_inner vc_row-fluid\"><div class=\"wpb_column vc_column_container vc_col-sm-12\"><div class=\"vc_column-inner\"><div class=\"wpb_wrapper\">Please provide product id to display corresponding data!<\/div><\/div><\/div><\/div><\/div><\/div><\/div><\/div><div class=\"vc_row-full-width vc_clearfix\"><\/div>\n<div  data-delay=\"0\" class=\"vc_row wpb_row vc_row-fluid\"><div class=\"wpb_column vc_column_container vc_col-sm-12\" data-delay=\"0\"><div class=\"vc_column-inner\"><div class=\"wpb_wrapper\"><div id=\"1545817584375-f9ef05ab-bba7\" class=\"dt-sc-empty-space\"><\/div><\/div><\/div><\/div><\/div>\n<div  data-delay=\"0\" class=\"vc_row wpb_row vc_row-fluid\"><div class=\"wpb_column vc_column_container vc_col-sm-12\" data-delay=\"0\"><div class=\"vc_column-inner\"><div class=\"wpb_wrapper\"><div class='dt-sc-tabs-horizontal-container' data-effect='fade' data-delay='0'><ul class='dt-sc-tabs-horizontal'><li><a href=\"javascript:void(0);\">Product Description<\/a><\/li><li><a href=\"javascript:void(0);\">Specifications<\/a><\/li><\/ul><div class='dt-sc-tabs-horizontal-content'>\r\n\t<div class=\"wpb_text_column wpb_content_element  vc_custom_1563787911528\" >\r\n\t\t<div class=\"wpb_wrapper\">\r\n\t\t\tPlease provide product id to display corresponding data!\n<p style=\"text-align: justify;\">High-precision mass flow meter for the control and measurement of gases in industrial processes, laboratories, automation and technical applications. Available for air, nitrogen, oxygen, argon and CO\u2082, with various flow ranges and the option to incorporate a control valve. Each unit is manufactured and supplied for a specific gas according to the selected variant, ensuring optimised measurement for that application.<\/p>\n<p style=\"text-align: justify;\"><strong>Important:<\/strong> It is not a multi-gas unit with an integrated gas-switching function, it is a flow meter specifically designed for that gas and factory-set.<\/p>\n<p>&nbsp;<\/p>\n<ul>\n<li style=\"list-style-type: none;\">\n<ul>\n<li><strong>SPECIFICATIONS<\/strong><\/li>\n<\/ul>\n<\/li>\n<\/ul>\n<div class=\"flex-item-uls2\">\n<div class=\"flex-item-uls-lis-flex\">\n<ul>\n<li style=\"list-style-type: none;\">\n<ul>\n<li style=\"list-style-type: none;\">\n<ul>\n<li class=\"flex-item-uls-lis-right\">Voltage: 9-24 VDC<\/li>\n<li>Measuring range depending on version: 0.02\u20132, 0.1\u201310, 0.25\u201325, 0.5\u201350, 1\u2013100, 2\u2013200 L\/min<\/li>\n<li>Resolution: 0.001 L\/min \/ 0.1 L<\/li>\n<li class=\"flex-item-uls-lis-right\">Precision: \u00b13% F.S.<\/li>\n<li class=\"flex-item-uls-lis-right\">Repetitibilidad: \u00b11% F.S.<\/li>\n<li class=\"flex-item-uls-lis-right\">Response time: 50 ms<\/li>\n<li class=\"flex-item-uls-lis-right\">Output: RS485, NPN, 1\u20135 V analogue signal<\/li>\n<li class=\"flex-item-uls-lis-right\">Units:\n<ul>\n<li class=\"flex-item-uls-lis-right\">Cumulative flow: L<\/li>\n<li class=\"flex-item-uls-lis-right\">Instant flow: L\/min<\/li>\n<\/ul>\n<\/li>\n<li class=\"flex-item-uls-lis-right\">Max. working pressure: 0.8 MPa<\/li>\n<li class=\"flex-item-uls-lis-right\">Working temperature: -10\u00b0C to +60\u00b0C<\/li>\n<li>Power consumption: 0.85 W<\/li>\n<li>Weight: 56 g<\/li>\n<li>Dimensions: 94 x 18 x 63 mm<\/li>\n<li>Connection type: Quick-connect 6 mm \/ G1\/8<\/li>\n<\/ul>\n<\/li>\n<\/ul>\n<\/li>\n<\/ul>\n<p>&nbsp;<\/p>\n<ul>\n<li style=\"list-style-type: none;\">\n<ul>\n<li class=\"flex-item-uls-lis-right\"><strong>CONTENT <\/strong>\n<ul>\n<li class=\"flex-item-uls-lis-right\">\u00a0Gas flow meter<\/li>\n<li>Power supply cable<\/li>\n<\/ul>\n<\/li>\n<\/ul>\n<\/li>\n<\/ul>\n<p>&nbsp;<\/p>\n<\/div>\n<\/div>\n\r\n\t\t<\/div>\r\n\t<\/div>\r\n<\/div>\n<div class='dt-sc-tabs-horizontal-content'>\r\n\t<div class=\"wpb_text_column wpb_content_element  vc_custom_1564376564038\" >\r\n\t\t<div class=\"wpb_wrapper\">\r\n\t\t\tPlease provide product id to display corresponding data!\n<h4 style=\"text-align: center;\">There are no technical documents for this article<\/h4>\n\r\n\t\t<\/div>\r\n\t<\/div>\r\n<\/div><\/div>\n<div id=\"1563177419857-c73bdca0-74fc\" class=\"dt-sc-empty-space\"><\/div><\/div><\/div><\/div><\/div>\n<div  data-delay=\"0\" class=\"vc_row wpb_row vc_row-fluid\"><div class=\"wpb_column vc_column_container vc_col-sm-12\" data-delay=\"0\"><div class=\"vc_column-inner\"><div class=\"wpb_wrapper\">Please provide product id to display corresponding data!<\/div><\/div><\/div><\/div>\n<\/section>","protected":false},"excerpt":{"rendered":"Please provide product id to display corresponding data! Please provide product id to display corresponding data! Descripci\u00f3n del ProductoEspecificaciones Please provide product id to display corresponding data! Caudal\u00edmetro m\u00e1sico de alta precisi\u00f3n para control y medici\u00f3n de gases en procesos industriales, laboratorio, automatizaci\u00f3n y aplicaciones t\u00e9cnicas. Disponible para aire, nitr\u00f3geno, ox\u00edgeno, arg\u00f3n y CO2, con [...]","protected":false},"featured_media":22039,"comment_status":"open","ping_status":"closed","template":"","meta":[],"product_brand":[],"product_cat":[15],"product_tag":[199,198,195,201,196,197,200],"class_list":{"0":"post-21951","1":"product","2":"type-product","3":"status-publish","4":"has-post-thumbnail","6":"product_cat-instrumentos-laboratorio","7":"product_tag-aire","8":"product_tag-argon","9":"product_tag-caudalimetro","10":"product_tag-dioxido-de-carbono","11":"product_tag-gases","12":"product_tag-nitrogeno","13":"product_tag-oxigeno","14":"product_shipping_class-incluido","17":"instock","18":"taxable","19":"shipping-taxable","20":"purchasable","21":"product-type-variable","22":"product-grid-view"},"aioseo_notices":[],"_links":{"self":[{"href":"https:\/\/ipsilonlabs.com\/en\/wp-json\/wp\/v2\/product\/21951","targetHints":{"allow":["GET"]}}],"collection":[{"href":"https:\/\/ipsilonlabs.com\/en\/wp-json\/wp\/v2\/product"}],"about":[{"href":"https:\/\/ipsilonlabs.com\/en\/wp-json\/wp\/v2\/types\/product"}],"replies":[{"embeddable":true,"href":"https:\/\/ipsilonlabs.com\/en\/wp-json\/wp\/v2\/comments?post=21951"}],"wp:featuredmedia":[{"embeddable":true,"href":"https:\/\/ipsilonlabs.com\/en\/wp-json\/wp\/v2\/media\/22039"}],"wp:attachment":[{"href":"https:\/\/ipsilonlabs.com\/en\/wp-json\/wp\/v2\/media?parent=21951"}],"wp:term":[{"taxonomy":"product_brand","embeddable":true,"href":"https:\/\/ipsilonlabs.com\/en\/wp-json\/wp\/v2\/product_brand?post=21951"},{"taxonomy":"product_cat","embeddable":true,"href":"https:\/\/ipsilonlabs.com\/en\/wp-json\/wp\/v2\/product_cat?post=21951"},{"taxonomy":"product_tag","embeddable":true,"href":"https:\/\/ipsilonlabs.com\/en\/wp-json\/wp\/v2\/product_tag?post=21951"}],"curies":[{"name":"wp","href":"https:\/\/api.w.org\/{rel}","templated":true}]}}