{"id":21909,"date":"2024-08-26T08:32:05","date_gmt":"2024-08-26T08:32:05","guid":{"rendered":"https:\/\/ipsilonlabs.com\/?post_type=product&#038;p=21909"},"modified":"2025-01-09T09:01:05","modified_gmt":"2025-01-09T09:01:05","slug":"horno-tubular-horizontal-1200oc","status":"publish","type":"product","link":"https:\/\/ipsilonlabs.com\/en\/product\/horno-tubular-horizontal-1200oc\/","title":{"rendered":"Horizontal tube furnace 1200\u00baC"},"content":{"rendered":"<section class=\"wpb-content-wrapper\"><div  data-delay=\"0\" data-vc-full-width=\"true\" data-vc-full-width-init=\"false\" class=\"vc_row wpb_row vc_row-fluid\"><div class=\"wpb_column vc_column_container vc_col-sm-6\" data-delay=\"0\"><div class=\"vc_column-inner\"><div class=\"wpb_wrapper\">Please provide product id to display corresponding data!<\/div><\/div><\/div>\n<div class=\"wpb_column vc_column_container vc_col-sm-6\" data-delay=\"0\"><div class=\"vc_column-inner\"><div class=\"wpb_wrapper\"><div class=\"vc_row wpb_row vc_inner vc_row-fluid\"><div class=\"wpb_column vc_column_container vc_col-sm-12\"><div class=\"vc_column-inner\"><div class=\"wpb_wrapper\">Please provide product id to display corresponding data!<\/div><\/div><\/div><\/div><\/div><\/div><\/div><\/div><div class=\"vc_row-full-width vc_clearfix\"><\/div>\n<div  data-delay=\"0\" class=\"vc_row wpb_row vc_row-fluid\"><div class=\"wpb_column vc_column_container vc_col-sm-12\" data-delay=\"0\"><div class=\"vc_column-inner\"><div class=\"wpb_wrapper\"><div id=\"1545817584375-f9ef05ab-bba7\" class=\"dt-sc-empty-space\"><\/div><\/div><\/div><\/div><\/div>\n<div  data-delay=\"0\" class=\"vc_row wpb_row vc_row-fluid\"><div class=\"wpb_column vc_column_container vc_col-sm-12\" data-delay=\"0\"><div class=\"vc_column-inner\"><div class=\"wpb_wrapper\"><div class='dt-sc-tabs-horizontal-container' data-effect='fade' data-delay='0'><ul class='dt-sc-tabs-horizontal'><li><a href=\"javascript:void(0);\">Product Description<\/a><\/li><li><a href=\"javascript:void(0);\">Specifications<\/a><\/li><\/ul><div class='dt-sc-tabs-horizontal-content'>\r\n\t<div class=\"wpb_text_column wpb_content_element  vc_custom_1563787911528\" >\r\n\t\t<div class=\"wpb_wrapper\">\r\n\t\t\tPlease provide product id to display corresponding data!\n<p>These compact laboratory tube furnaces are equipped with integrated control systems and can be universally used for many processes such as chemical reactions, ash determination, calcination, pyrolysis processes, material ageing, sample drying, synthesis, sintering and many more. Equipped with a quartz or alumina working tube and two stainless steel flanged plugs, these tube furnaces offer an excellent price\/performance ratio. They can operate under vacuum and with gases other than air.<\/p>\n<p style=\"text-align: justify;\">It withstands maximum temperatures of 1,200\u00baC and can reach 1,100\u00baC by itself.<\/p>\n<p><strong>FEATURES AND BENEFITS<\/strong><\/p>\n<ul>\n<li>Compact unit with low volume and weight (7 kg) and low power consumption (1 kW)<\/li>\n<li>It withstands temperatures of 1,200\u00baC and can reach 1,100\u00baC autonomously<\/li>\n<li>Suitable for long tests and continuous use<\/li>\n<li>Programmable PID control with up to 30 stages<\/li>\n<li>Can work in a vacuum and with various gases different from air<\/li>\n<\/ul>\n<div class=\"flex-item-uls2\">\n<div class=\"flex-item-uls-lis-flex\">\n<ul>\n<li style=\"list-style-type: none;\">\n<ul>\n<li style=\"list-style-type: none;\"><\/li>\n<\/ul>\n<\/li>\n<\/ul>\n<ul>\n<li style=\"list-style-type: none;\">\n<ul>\n<li class=\"flex-item-uls-lis-right\"><strong>CONTENT <\/strong>\n<ul>\n<li class=\"flex-item-uls-lis-right\">\u00a0Compact horizontal tube furnace<\/li>\n<li>2x stainless steel flange cap<\/li>\n<li>1x Quartz tube \u230025x350mm<\/li>\n<li>Power supply cable<\/li>\n<li>User manual in English<\/li>\n<li>CE conformity marking<\/li>\n<\/ul>\n<\/li>\n<\/ul>\n<\/li>\n<\/ul>\n<p>&nbsp;<\/p>\n<\/div>\n<\/div>\n\r\n\t\t<\/div>\r\n\t<\/div>\r\n<\/div>\n<div class='dt-sc-tabs-horizontal-content'>\r\n\t<div class=\"wpb_text_column wpb_content_element  vc_custom_1564376564038\" >\r\n\t\t<div class=\"wpb_wrapper\">\r\n\t\t\tPlease provide product id to display corresponding data!\n<ul>\n<li style=\"list-style-type: none;\">\n<ul>\n<li><strong>SPECIFICATIONS<\/strong><br \/>\n<table width=\"486\">\n<tbody>\n<tr>\n<td width=\"329\">Power and voltage<\/td>\n<td width=\"157\">220 V AC \u2013 50 Hz \u2013 1 kW<\/td>\n<\/tr>\n<tr>\n<td>Tube material<\/td>\n<td>Quartz \/ Alumina<\/td>\n<\/tr>\n<tr>\n<td>Max. Temperature<\/td>\n<td>1.100 \u00baC<\/td>\n<\/tr>\n<tr>\n<td>Max. Heating rate<\/td>\n<td>10\u00baC\/min<\/td>\n<\/tr>\n<tr>\n<td>Heating area<\/td>\n<td>100 mm<\/td>\n<\/tr>\n<tr>\n<td>Tube volume<\/td>\n<td>\u2300 25\u00d7350 mm<\/td>\n<\/tr>\n<tr>\n<td>Type of Control<\/td>\n<td>Programmable PID control up to 30 stages<\/td>\n<\/tr>\n<tr>\n<td>Dimensions<\/td>\n<td>220x315x270 mm<\/td>\n<\/tr>\n<tr>\n<td>Weight<\/td>\n<td>7 kg<\/td>\n<\/tr>\n<\/tbody>\n<\/table>\n<\/li>\n<\/ul>\n<\/li>\n<\/ul>\n<div class=\"flex-item-uls2\">\n<div class=\"flex-item-uls-lis-flex\">\n<ul>\n<li style=\"list-style-type: none;\">\n<ul>\n<li style=\"list-style-type: none;\"><\/li>\n<\/ul>\n<\/li>\n<\/ul>\n<\/div>\n<\/div>\n<h4 style=\"text-align: center;\">You can request the following technical documents at info@ipsilonlabs.com:<\/h4>\n<ul>\n<li style=\"text-align: center;\">User manual in English<\/li>\n<li style=\"text-align: center;\">CE conformity marking<\/li>\n<\/ul>\n\r\n\t\t<\/div>\r\n\t<\/div>\r\n<\/div><\/div>\n<div id=\"1563177419857-c73bdca0-74fc\" class=\"dt-sc-empty-space\"><\/div><\/div><\/div><\/div><\/div>\n<div  data-delay=\"0\" class=\"vc_row wpb_row vc_row-fluid\"><div class=\"wpb_column vc_column_container vc_col-sm-12\" data-delay=\"0\"><div class=\"vc_column-inner\"><div class=\"wpb_wrapper\">Please provide product id to display corresponding data!<\/div><\/div><\/div><\/div>\n<\/section>","protected":false},"excerpt":{"rendered":"Please provide product id to display corresponding data! Please provide product id to display corresponding data! Descripci\u00f3n del ProductoEspecificaciones Please provide product id to display corresponding data! Estos hornos tubulares compactos de laboratorio cuentan con sistemas de control integrados y pueden usarse universalmente para muchos procesos como reacciones qu\u00edmicas, determinaci\u00f3n de cenizas, calcinaci\u00f3n, procesos de [...]","protected":false},"featured_media":21911,"comment_status":"open","ping_status":"closed","template":"","meta":[],"product_brand":[],"product_cat":[147,151,15,152],"product_tag":[179,180,181],"class_list":{"0":"post-21909","1":"product","2":"type-product","3":"status-publish","4":"has-post-thumbnail","6":"product_cat-analisis-plasticos","7":"product_cat-ensayos-materiales","8":"product_cat-instrumentos-laboratorio","9":"product_cat-mineria","10":"product_tag-horno","11":"product_tag-horno-tubular","12":"product_tag-horno-tubular-horizontal","13":"product_shipping_class-incluido","16":"instock","17":"taxable","18":"shipping-taxable","19":"purchasable","20":"product-type-simple","21":"product-grid-view"},"aioseo_notices":[],"_links":{"self":[{"href":"https:\/\/ipsilonlabs.com\/en\/wp-json\/wp\/v2\/product\/21909","targetHints":{"allow":["GET"]}}],"collection":[{"href":"https:\/\/ipsilonlabs.com\/en\/wp-json\/wp\/v2\/product"}],"about":[{"href":"https:\/\/ipsilonlabs.com\/en\/wp-json\/wp\/v2\/types\/product"}],"replies":[{"embeddable":true,"href":"https:\/\/ipsilonlabs.com\/en\/wp-json\/wp\/v2\/comments?post=21909"}],"wp:featuredmedia":[{"embeddable":true,"href":"https:\/\/ipsilonlabs.com\/en\/wp-json\/wp\/v2\/media\/21911"}],"wp:attachment":[{"href":"https:\/\/ipsilonlabs.com\/en\/wp-json\/wp\/v2\/media?parent=21909"}],"wp:term":[{"taxonomy":"product_brand","embeddable":true,"href":"https:\/\/ipsilonlabs.com\/en\/wp-json\/wp\/v2\/product_brand?post=21909"},{"taxonomy":"product_cat","embeddable":true,"href":"https:\/\/ipsilonlabs.com\/en\/wp-json\/wp\/v2\/product_cat?post=21909"},{"taxonomy":"product_tag","embeddable":true,"href":"https:\/\/ipsilonlabs.com\/en\/wp-json\/wp\/v2\/product_tag?post=21909"}],"curies":[{"name":"wp","href":"https:\/\/api.w.org\/{rel}","templated":true}]}}