{"id":21880,"date":"2024-06-06T11:56:18","date_gmt":"2024-06-06T11:56:18","guid":{"rendered":"https:\/\/ipsilonlabs.com\/?post_type=product&#038;p=21880"},"modified":"2025-01-09T09:03:50","modified_gmt":"2025-01-09T09:03:50","slug":"molino-de-bolas-planetario-4x100-ml","status":"publish","type":"product","link":"https:\/\/ipsilonlabs.com\/en\/product\/molino-de-bolas-planetario-4x100-ml\/","title":{"rendered":"Planetary Ball Mill 4x100 ml"},"content":{"rendered":"<section class=\"wpb-content-wrapper\"><div  data-delay=\"0\" data-vc-full-width=\"true\" data-vc-full-width-init=\"false\" class=\"vc_row wpb_row vc_row-fluid\"><div class=\"wpb_column vc_column_container vc_col-sm-6\" data-delay=\"0\"><div class=\"vc_column-inner\"><div class=\"wpb_wrapper\">Please provide product id to display corresponding data!<\/div><\/div><\/div>\n<div class=\"wpb_column vc_column_container vc_col-sm-6\" data-delay=\"0\"><div class=\"vc_column-inner\"><div class=\"wpb_wrapper\"><div class=\"vc_row wpb_row vc_inner vc_row-fluid\"><div class=\"wpb_column vc_column_container vc_col-sm-12\"><div class=\"vc_column-inner\"><div class=\"wpb_wrapper\">Please provide product id to display corresponding data!<\/div><\/div><\/div><\/div><\/div><\/div><\/div><\/div><div class=\"vc_row-full-width vc_clearfix\"><\/div>\n<div  data-delay=\"0\" class=\"vc_row wpb_row vc_row-fluid\"><div class=\"wpb_column vc_column_container vc_col-sm-12\" data-delay=\"0\"><div class=\"vc_column-inner\"><div class=\"wpb_wrapper\"><div id=\"1545817584375-f9ef05ab-bba7\" class=\"dt-sc-empty-space\"><\/div><\/div><\/div><\/div><\/div>\n<div  data-delay=\"0\" class=\"vc_row wpb_row vc_row-fluid\"><div class=\"wpb_column vc_column_container vc_col-sm-12\" data-delay=\"0\"><div class=\"vc_column-inner\"><div class=\"wpb_wrapper\"><div class='dt-sc-tabs-horizontal-container' data-effect='fade' data-delay='0'><ul class='dt-sc-tabs-horizontal'><li><a href=\"javascript:void(0);\">Product Description<\/a><\/li><li><a href=\"javascript:void(0);\">Specifications<\/a><\/li><\/ul><div class='dt-sc-tabs-horizontal-content'>\r\n\t<div class=\"wpb_text_column wpb_content_element  vc_custom_1563787911528\" >\r\n\t\t<div class=\"wpb_wrapper\">\r\n\t\t\tPlease provide product id to display corresponding data!\n<p style=\"text-align: justify;\">The planetary ball mill is a small and easy-to-use laboratory ball mill for fine grinding, mixing, homogenisation, mechanical alloying, cell disruption, small sample preparation, new product development and small volume high-tech material production.<\/p>\n<p style=\"text-align: justify;\">The planetary ball mill is characterised by its small volume, high efficiency, fast clamping and quiet operation. The system can be used to grind various materials down to 0.1 \u00b5m. It can also be used to grind and mix various products of different materials and particle sizes in dry or wet process.<\/p>\n<p>The planetary ball mill is based on a system of several ball mills (placed on a rotating base as shown in the figure below) which are filled with balls. Two rotational motions move the ball mills. As in a planetary system, the mills rotate in an orbit around a centre. This rotational motion generates the automatic movement of the mills. The resulting centrifugal action and acceleration force achieves an efficient grinding action. There are forces acting according to the Coriolis acceleration force. The result is intensive grinding between the ball mill and the sample.<\/p>\n<table style=\"height: 273px;\" width=\"470\">\n<tbody>\n<tr>\n<td width=\"157\"><img loading=\"lazy\" decoding=\"async\" class=\"wp-image-21889 size-medium alignright\" src=\"https:\/\/ipsilonlabs.com\/wp-content\/uploads\/2024\/06\/Molino-De-Bolas-Planetario-300x245.webp\" alt=\"\" width=\"300\" height=\"245\" srcset=\"https:\/\/ipsilonlabs.com\/wp-content\/uploads\/2024\/06\/Molino-De-Bolas-Planetario-300x245.webp 300w, https:\/\/ipsilonlabs.com\/wp-content\/uploads\/2024\/06\/Molino-De-Bolas-Planetario.webp 335w\" sizes=\"auto, (max-width: 300px) 100vw, 300px\" \/><\/td>\n<td width=\"391\"><img loading=\"lazy\" decoding=\"async\" class=\"size-medium wp-image-21890 alignleft\" src=\"https:\/\/ipsilonlabs.com\/wp-content\/uploads\/2024\/06\/Molino-De-Bolas-Planetario-Rotacion-300x254.webp\" alt=\"\" width=\"300\" height=\"254\" srcset=\"https:\/\/ipsilonlabs.com\/wp-content\/uploads\/2024\/06\/Molino-De-Bolas-Planetario-Rotacion-300x254.webp 300w, https:\/\/ipsilonlabs.com\/wp-content\/uploads\/2024\/06\/Molino-De-Bolas-Planetario-Rotacion.webp 358w\" sizes=\"auto, (max-width: 300px) 100vw, 300px\" \/><\/td>\n<\/tr>\n<\/tbody>\n<\/table>\n<p>There are different rotation ratios. With a rotation ratio of 1:-2, the mill rotates twice during one revolution of the rotating base. The negative sign in this case indicates the opposite direction of rotation. Depending on the rotation speed, either the balls cross the vessel in the middle and hit the sample against the inner wall of the vessel weakening its resistance or, in a different speed pattern, the balls roll over the sample and weaken the ground material.<\/p>\n<p>The selection of the ball vessel material and the correct filling level has a great impact on the grinding result. Depending on the application, the correct quantity (volume) and material of the mill and media must be selected. The filling consists of approximately 1\/3 of the sample and 1\/3 of the ball charge. The remaining third is a free volume, which is necessary for the movement of the media. The following table gives some recommendations.<\/p>\n<table style=\"height: 475px;\" width=\"1079\">\n<tbody>\n<tr>\n<td width=\"329\"><strong>Material<\/strong><\/td>\n<td width=\"157\"><strong>Hardness<\/strong><\/td>\n<td width=\"391\"><strong>Density (g\/cm3)<\/strong><\/td>\n<td width=\"105\"><strong>Wear resistance<\/strong><\/td>\n<td width=\"103\"><strong>Potential residual sample contamination<\/strong><\/td>\n<\/tr>\n<tr>\n<td>Nylon<\/td>\n<td>Elastic, D75 (Shore)<\/td>\n<td>1,14<\/td>\n<td>Low<\/td>\n<td>C<\/td>\n<\/tr>\n<tr>\n<td>Teflon<\/td>\n<td>Elastic, D56 (Shore)<\/td>\n<td>2,2<\/td>\n<td>Low<\/td>\n<td>F, C<\/td>\n<\/tr>\n<tr>\n<td>Stainless steel<\/td>\n<td>550 HV<\/td>\n<td>7,8<\/td>\n<td>Medium<\/td>\n<td>Fe, Cr, C<\/td>\n<\/tr>\n<tr>\n<td>Wear-resistant steel<\/td>\n<td>750 HV<\/td>\n<td>7,8<\/td>\n<td>Medium<\/td>\n<td>Fe, Cr, C<\/td>\n<\/tr>\n<tr>\n<td>Agate<\/td>\n<td>1.000 HV<\/td>\n<td>2,55-2,91<\/td>\n<td>Medium<\/td>\n<td>Si<\/td>\n<\/tr>\n<tr>\n<td>Sintered aluminium oxide (Al2O3)<\/td>\n<td>1.750 HV<\/td>\n<td>3,9<\/td>\n<td>High<\/td>\n<td>Al, Si<\/td>\n<\/tr>\n<tr>\n<td>Zirconium oxide (ZrO2)<\/td>\n<td>1.200 HV<\/td>\n<td>5,6-6,0<\/td>\n<td>High<\/td>\n<td>Zr, Y<\/td>\n<\/tr>\n<tr>\n<td>Tungsten carbide<\/td>\n<td>1.200 HV<\/td>\n<td>14,6-14,9<\/td>\n<td>High<\/td>\n<td>W, C<\/td>\n<\/tr>\n<\/tbody>\n<\/table>\n<p>&nbsp;<\/p>\n<p><strong>FEATURES AND BENEFITS<\/strong><\/p>\n<ul>\n<li>High milling efficiency for a product down to &lt;0,1 \u00b5m<\/li>\n<li>Different speed ratios available<\/li>\n<li>Ball mills from 50 ml to 100 ml in different materials<\/li>\n<li>Suitable for long tests and continuous use<\/li>\n<li>Reversible automatic steering to avoid material buildup<\/li>\n<li>Programmable milling parameters<\/li>\n<\/ul>\n<p>&nbsp;<\/p>\n<p>Planetary ball mill vessels are constructed from a single piece of the specified material. The advantages of the vessels are:<\/p>\n<ul>\n<li>Easy opening according to the aperture between the rim and the grinder<\/li>\n<li>Easy self-centering ball mill base<\/li>\n<li>Hermetic seal to avoid gas and dust contamination<\/li>\n<\/ul>\n<div class=\"flex-item-uls2\">\n<div class=\"flex-item-uls-lis-flex\">\n<ul>\n<li style=\"list-style-type: none;\">\n<ul>\n<li style=\"list-style-type: none;\"><\/li>\n<\/ul>\n<\/li>\n<\/ul>\n<p style=\"text-align: justify;\">Applicable to samples such as soil, wood fibres, plants, seeds, tobacco, bentonite, cement, gypsum, sand, stone, hair, bone, coal, paints and lacquers, catalysts, pigments, glass, hydroxyapatite, kaolin, ceramic oxides, quartz, clay, minerals, semi-precious stones, rapeseed, coke, alloys, metal oxides, slag, electronic waste, sludge, organic and inorganic waste and others. Some samples require pre-treatment such as drying.<\/p>\n<ul>\n<li style=\"list-style-type: none;\">\n<ul>\n<li class=\"flex-item-uls-lis-right\"><strong>CONTENT <\/strong>\n<ul>\n<li class=\"flex-item-uls-lis-right\">\u00a0Planetary Ball Mill 4x100 ml<\/li>\n<li>4x stainless steel milling vessels<\/li>\n<li>4x stainless steel ball kit<\/li>\n<li>Power supply cable<\/li>\n<li>User manual in English<\/li>\n<li>CE conformity marking<\/li>\n<\/ul>\n<\/li>\n<\/ul>\n<\/li>\n<\/ul>\n<p>&nbsp;<\/p>\n<\/div>\n<\/div>\n\r\n\t\t<\/div>\r\n\t<\/div>\r\n<\/div>\n<div class='dt-sc-tabs-horizontal-content'>\r\n\t<div class=\"wpb_text_column wpb_content_element  vc_custom_1564376564038\" >\r\n\t\t<div class=\"wpb_wrapper\">\r\n\t\t\tPlease provide product id to display corresponding data!\n<ul>\n<li style=\"list-style-type: none;\">\n<ul>\n<li><strong>SPECIFICATIONS<\/strong><br \/>\n<table width=\"486\">\n<tbody>\n<tr>\n<td width=\"329\">Power and voltage<\/td>\n<td width=\"157\">220 V AC \u2013 50 Hz \u2013 250 W<\/td>\n<\/tr>\n<tr>\n<td>Operating principle<\/td>\n<td>Impact \/ Friction<\/td>\n<\/tr>\n<tr>\n<td>Operation mode<\/td>\n<td>2 or 4 grinding stations simultaneously<\/td>\n<\/tr>\n<tr>\n<td>Vacuum grinding option<\/td>\n<td>Yes<\/td>\n<\/tr>\n<tr>\n<td>Grinding ball size<\/td>\n<td>\u2300 5, \u23008, \u230010, \u230012, \u230015 mm<\/td>\n<\/tr>\n<tr>\n<td>Max. capacity<\/td>\n<td>2\/3 of the container (including balls)<\/td>\n<\/tr>\n<tr>\n<td>Maximum particle size<\/td>\n<td>Fragile materials &lt;10 mm<\/p>\n<p>Rest &lt; 4 mm<\/td>\n<\/tr>\n<tr>\n<td>Discharge particle size<\/td>\n<td>Up to 0.1 \u00b5m<\/td>\n<\/tr>\n<tr>\n<td>Speed control<\/td>\n<td>Yes<\/td>\n<\/tr>\n<tr>\n<td>Time control<\/td>\n<td>Yes<\/td>\n<\/tr>\n<tr>\n<td>Reverse rotation<\/td>\n<td>Yes<\/td>\n<\/tr>\n<tr>\n<td>Programmable method<\/td>\n<td>Yes<\/td>\n<\/tr>\n<tr>\n<td>Max. noise<\/td>\n<td>58 dB<\/td>\n<\/tr>\n<tr>\n<td>Dimensions, cm<\/td>\n<td>50x30x34<\/td>\n<\/tr>\n<tr>\n<td>Weight, kg<\/td>\n<td>29 kg without vessels<\/td>\n<\/tr>\n<\/tbody>\n<\/table>\n<\/li>\n<\/ul>\n<\/li>\n<\/ul>\n<div class=\"flex-item-uls2\">\n<div class=\"flex-item-uls-lis-flex\">\n<ul>\n<li style=\"list-style-type: none;\">\n<ul>\n<li style=\"list-style-type: none;\"><\/li>\n<\/ul>\n<\/li>\n<\/ul>\n<\/div>\n<\/div>\n<h4 style=\"text-align: center;\">You can request the following technical documents at info@ipsilonlabs.com:<\/h4>\n<ul>\n<li style=\"text-align: center;\">User manual in English<\/li>\n<li style=\"text-align: center;\">CE conformity marking<\/li>\n<\/ul>\n\r\n\t\t<\/div>\r\n\t<\/div>\r\n<\/div><\/div>\n<div id=\"1563177419857-c73bdca0-74fc\" class=\"dt-sc-empty-space\"><\/div><\/div><\/div><\/div><\/div>\n<div  data-delay=\"0\" class=\"vc_row wpb_row vc_row-fluid\"><div class=\"wpb_column vc_column_container vc_col-sm-12\" data-delay=\"0\"><div class=\"vc_column-inner\"><div class=\"wpb_wrapper\">Please provide product id to display corresponding data!<\/div><\/div><\/div><\/div>\n<\/section>","protected":false},"excerpt":{"rendered":"Please provide product id to display corresponding data! Please provide product id to display corresponding data! Descripci\u00f3n del ProductoEspecificaciones Please provide product id to display corresponding data! El molino planetario de bolas es un molino de bolas de laboratorio peque\u00f1o y f\u00e1cil de usar para la molienda fina, la mezcla, la homogeneizaci\u00f3n, la aleaci\u00f3n mec\u00e1nica, [...]","protected":false},"featured_media":21882,"comment_status":"open","ping_status":"closed","template":"","meta":[],"product_brand":[],"product_cat":[151,15,152],"product_tag":[175,174],"class_list":{"0":"post-21880","1":"product","2":"type-product","3":"status-publish","4":"has-post-thumbnail","6":"product_cat-ensayos-materiales","7":"product_cat-instrumentos-laboratorio","8":"product_cat-mineria","9":"product_tag-molino","10":"product_tag-molino-de-bolas","11":"product_shipping_class-incluido","14":"instock","15":"sale","16":"taxable","17":"shipping-taxable","18":"purchasable","19":"product-type-simple","20":"product-grid-view"},"aioseo_notices":[],"_links":{"self":[{"href":"https:\/\/ipsilonlabs.com\/en\/wp-json\/wp\/v2\/product\/21880","targetHints":{"allow":["GET"]}}],"collection":[{"href":"https:\/\/ipsilonlabs.com\/en\/wp-json\/wp\/v2\/product"}],"about":[{"href":"https:\/\/ipsilonlabs.com\/en\/wp-json\/wp\/v2\/types\/product"}],"replies":[{"embeddable":true,"href":"https:\/\/ipsilonlabs.com\/en\/wp-json\/wp\/v2\/comments?post=21880"}],"wp:featuredmedia":[{"embeddable":true,"href":"https:\/\/ipsilonlabs.com\/en\/wp-json\/wp\/v2\/media\/21882"}],"wp:attachment":[{"href":"https:\/\/ipsilonlabs.com\/en\/wp-json\/wp\/v2\/media?parent=21880"}],"wp:term":[{"taxonomy":"product_brand","embeddable":true,"href":"https:\/\/ipsilonlabs.com\/en\/wp-json\/wp\/v2\/product_brand?post=21880"},{"taxonomy":"product_cat","embeddable":true,"href":"https:\/\/ipsilonlabs.com\/en\/wp-json\/wp\/v2\/product_cat?post=21880"},{"taxonomy":"product_tag","embeddable":true,"href":"https:\/\/ipsilonlabs.com\/en\/wp-json\/wp\/v2\/product_tag?post=21880"}],"curies":[{"name":"wp","href":"https:\/\/api.w.org\/{rel}","templated":true}]}}