{"id":21869,"date":"2024-05-09T12:21:22","date_gmt":"2024-05-09T12:21:22","guid":{"rendered":"https:\/\/ipsilonlabs.com\/?post_type=product&#038;p=21869"},"modified":"2024-08-28T12:11:12","modified_gmt":"2024-08-28T12:11:12","slug":"vortex-agitador-vortice-3000rpm","status":"publish","type":"product","link":"https:\/\/ipsilonlabs.com\/en\/product\/vortex-agitador-vortice-3000rpm\/","title":{"rendered":"Vortex \u2013 Vortex Stirrer 3000 RPM"},"content":{"rendered":"<section class=\"wpb-content-wrapper\"><div  data-delay=\"0\" data-vc-full-width=\"true\" data-vc-full-width-init=\"false\" class=\"vc_row wpb_row vc_row-fluid\"><div class=\"wpb_column vc_column_container vc_col-sm-6\" data-delay=\"0\"><div class=\"vc_column-inner\"><div class=\"wpb_wrapper\">Please provide product id to display corresponding data!<\/div><\/div><\/div>\n<div class=\"wpb_column vc_column_container vc_col-sm-6\" data-delay=\"0\"><div class=\"vc_column-inner\"><div class=\"wpb_wrapper\"><div class=\"vc_row wpb_row vc_inner vc_row-fluid\"><div class=\"wpb_column vc_column_container vc_col-sm-12\"><div class=\"vc_column-inner\"><div class=\"wpb_wrapper\">Please provide product id to display corresponding data!<\/div><\/div><\/div><\/div><\/div><\/div><\/div><\/div><div class=\"vc_row-full-width vc_clearfix\"><\/div>\n<div  data-delay=\"0\" class=\"vc_row wpb_row vc_row-fluid\"><div class=\"wpb_column vc_column_container vc_col-sm-12\" data-delay=\"0\"><div class=\"vc_column-inner\"><div class=\"wpb_wrapper\"><div id=\"1545817584375-f9ef05ab-bba7\" class=\"dt-sc-empty-space\"><\/div><\/div><\/div><\/div><\/div>\n<div  data-delay=\"0\" class=\"vc_row wpb_row vc_row-fluid\"><div class=\"wpb_column vc_column_container vc_col-sm-12\" data-delay=\"0\"><div class=\"vc_column-inner\"><div class=\"wpb_wrapper\"><div class='dt-sc-tabs-horizontal-container' data-effect='fade' data-delay='0'><ul class='dt-sc-tabs-horizontal'><li><a href=\"javascript:void(0);\">Product Description<\/a><\/li><li><a href=\"javascript:void(0);\">Specifications<\/a><\/li><\/ul><div class='dt-sc-tabs-horizontal-content'>\r\n\t<div class=\"wpb_text_column wpb_content_element  vc_custom_1563787911528\" >\r\n\t\t<div class=\"wpb_wrapper\">\r\n\t\t\tPlease provide product id to display corresponding data!\n<ul class=\"detailGuide_cont js-toggleCont toggle-hidden toggle-show\">\n<li>Excellent Mixing Capacity: Our mini vortex mixer is equipped with a powerful brushless DC motor, which enables a maximum speed of 3000 RPM for vigorous and powerful mixing action. In addition, it achieves effective mixing in 5 seconds. It is capable of mixing test tubes up to 50 ml.<\/li>\n<li>Touch Operation Design: Simple one-handed touch operation, the vortex stirrer starts working when light pressure is applied to the centre of the silicone lid. Low activation force, easy to mix repeatedly and continuously, this mini vortex mixer also fits various types of test tubes.<\/li>\n<li>Durable and Quality Material: PC and silicone, we provide you with a practical vortex mixer shaker with a sturdy and durable design. Its housing is made of durable polycarbonate (PC) plastic and the lid is made of silicone, ensuring a long service life.<\/li>\n<li>Small and Compact: With compact size, the mini laboratory vortex mixer is extremely portable and easy to operate. It is ideal for laboratories, schools and home use.<\/li>\n<li>Stable and Silent Mixing: Equipped with a brushless DC motor, this pigment shaker mixer runs super smoothly, quietly and efficiently. Four anti-slip foot pads are designed on the bottom, which provides additional stability to place this mini vortex mixer stably on the table.<\/li>\n<li>Diverse Application: This mini vortex shaker mixes various liquids such as test tubes, eyelash adhesives, gel polish ink, acrylic paints etc. It can be widely applied in laboratories, nail salons, beauty salons, artists' studios, etc.<\/li>\n<\/ul>\n<p>&nbsp;<\/p>\n<ul>\n<li style=\"list-style-type: none;\">\n<ul>\n<li><strong>SPECIFICATIONS<\/strong><\/li>\n<\/ul>\n<\/li>\n<\/ul>\n<div class=\"flex-item-uls2\">\n<div class=\"flex-item-uls-lis-flex\">\n<ul>\n<li style=\"list-style-type: none;\">\n<ul>\n<li style=\"list-style-type: none;\">\n<ul>\n<li class=\"flex-item-uls-lis-right\">Voltage: 220 V<\/li>\n<li>Material: PC and silicone<\/li>\n<li>Rotation speed: 3,000 RPM<\/li>\n<li class=\"flex-item-uls-lis-right\">Max. mixing capacity: 50 ml<\/li>\n<li class=\"flex-item-uls-lis-right\">Motor type: Brushless DC motor<\/li>\n<li class=\"flex-item-uls-lis-right\">Operating mode: Touch operation<\/li>\n<\/ul>\n<\/li>\n<\/ul>\n<\/li>\n<\/ul>\n<p>&nbsp;<\/p>\n<ul>\n<li style=\"list-style-type: none;\">\n<ul>\n<li class=\"flex-item-uls-lis-right\"><strong>CONTENT <\/strong>\n<ul>\n<li class=\"flex-item-uls-lis-right\">1 x Laboratory Vortex Mixer<\/li>\n<li class=\"flex-item-uls-lis-right\">1 x Test Tube<\/li>\n<li class=\"flex-item-uls-lis-right\">1 x Power supply cable<\/li>\n<\/ul>\n<\/li>\n<\/ul>\n<\/li>\n<\/ul>\n<p>&nbsp;<\/p>\n<\/div>\n<\/div>\n\r\n\t\t<\/div>\r\n\t<\/div>\r\n<\/div>\n<div class='dt-sc-tabs-horizontal-content'>\r\n\t<div class=\"wpb_text_column wpb_content_element  vc_custom_1564376564038\" >\r\n\t\t<div class=\"wpb_wrapper\">\r\n\t\t\tPlease provide product id to display corresponding data!\n<h4 style=\"text-align: center;\">There are no technical documents for this article<\/h4>\n\r\n\t\t<\/div>\r\n\t<\/div>\r\n<\/div><\/div>\n<div id=\"1563177419857-c73bdca0-74fc\" class=\"dt-sc-empty-space\"><\/div><\/div><\/div><\/div><\/div>\n<div  data-delay=\"0\" class=\"vc_row wpb_row vc_row-fluid\"><div class=\"wpb_column vc_column_container vc_col-sm-12\" data-delay=\"0\"><div class=\"vc_column-inner\"><div class=\"wpb_wrapper\">Please provide product id to display corresponding data!<\/div><\/div><\/div><\/div>\n<\/section>","protected":false},"excerpt":{"rendered":"Please provide product id to display corresponding data! Please provide product id to display corresponding data! Descripci\u00f3n del ProductoEspecificaciones Please provide product id to display corresponding data! Excelente Capacidad de Mezcla: Nuestro mini agitador de v\u00f3rtice est\u00e1 equipado con un potente motor de CC sin escobillas, que permite una velocidad m\u00e1xima de 3000 RPM para [...]","protected":false},"featured_media":21922,"comment_status":"open","ping_status":"closed","template":"","meta":[],"product_brand":[],"product_cat":[148,157,15],"product_tag":[158,169],"class_list":{"0":"post-21869","1":"product","2":"type-product","3":"status-publish","4":"has-post-thumbnail","6":"product_cat-water-analysis","7":"product_cat-filtracion","8":"product_cat-instrumentos-laboratorio","9":"product_tag-agitador","10":"product_tag-vortex","11":"product_shipping_class-incluido","14":"instock","15":"taxable","16":"shipping-taxable","17":"purchasable","18":"product-type-simple","19":"product-grid-view"},"aioseo_notices":[],"_links":{"self":[{"href":"https:\/\/ipsilonlabs.com\/en\/wp-json\/wp\/v2\/product\/21869","targetHints":{"allow":["GET"]}}],"collection":[{"href":"https:\/\/ipsilonlabs.com\/en\/wp-json\/wp\/v2\/product"}],"about":[{"href":"https:\/\/ipsilonlabs.com\/en\/wp-json\/wp\/v2\/types\/product"}],"replies":[{"embeddable":true,"href":"https:\/\/ipsilonlabs.com\/en\/wp-json\/wp\/v2\/comments?post=21869"}],"wp:featuredmedia":[{"embeddable":true,"href":"https:\/\/ipsilonlabs.com\/en\/wp-json\/wp\/v2\/media\/21922"}],"wp:attachment":[{"href":"https:\/\/ipsilonlabs.com\/en\/wp-json\/wp\/v2\/media?parent=21869"}],"wp:term":[{"taxonomy":"product_brand","embeddable":true,"href":"https:\/\/ipsilonlabs.com\/en\/wp-json\/wp\/v2\/product_brand?post=21869"},{"taxonomy":"product_cat","embeddable":true,"href":"https:\/\/ipsilonlabs.com\/en\/wp-json\/wp\/v2\/product_cat?post=21869"},{"taxonomy":"product_tag","embeddable":true,"href":"https:\/\/ipsilonlabs.com\/en\/wp-json\/wp\/v2\/product_tag?post=21869"}],"curies":[{"name":"wp","href":"https:\/\/api.w.org\/{rel}","templated":true}]}}