{"id":21756,"date":"2024-03-04T18:48:20","date_gmt":"2024-03-04T18:48:20","guid":{"rendered":"https:\/\/ipsilonlabs.com\/?page_id=21756"},"modified":"2024-03-04T19:01:01","modified_gmt":"2024-03-04T19:01:01","slug":"politica-cookies","status":"publish","type":"page","link":"https:\/\/ipsilonlabs.com\/en\/politica-cookies\/","title":{"rendered":"Cookies Policy"},"content":{"rendered":"<section class=\"wpb-content-wrapper\"><div  data-delay=\"0\" class=\"vc_row wpb_row vc_row-fluid\"><div class=\"wpb_column vc_column_container vc_col-sm-12\" data-delay=\"0\"><div class=\"vc_column-inner\"><div class=\"wpb_wrapper\">\r\n\t<div class=\"wpb_text_column wpb_content_element\" >\r\n\t\t<div class=\"wpb_wrapper\">\r\n\t\t\t<p style=\"text-align: justify;\">Las cookies y otras tecnolog\u00edas de seguimiento nos permiten, entre otras finalidades, recordar sus preferencias y reconocerle en sucesivas visitas. Esto se consigue almacenando en su equipo cierta informaci\u00f3n.<\/p>\n<h2>1. \u00bfQu\u00e9 es una cookie?<\/h2>\n<p style=\"text-align: justify;\">Una cookie es un dispositivo que se descarga en el equipo terminal de un usuario con la finalidad de almacenar datos que podr\u00e1n ser actualizados y recuperados por la entidad responsable de su instalaci\u00f3n.<\/p>\n<p style=\"text-align: justify;\">Cuando Usted accede al Sitio Web y presta su consentimiento para su instalaci\u00f3n, se instalan en su dispositivo (ordenador, tableta, tel\u00e9fono, etc.) peque\u00f1os ficheros con informaci\u00f3n. Estos ficheros (que son las propias cookies) forman parte de la tecnolog\u00eda necesaria para el correcto funcionamiento del Sitio Web y no son inherentemente perjudiciales.<\/p>\n<p style=\"text-align: justify;\">Las cookies se instalan y almacenan en su dispositivo y permiten seguir el rastro de su actividad en Internet.<br \/>Puede desactivar completamente el uso de cookies en el apartado de configuraci\u00f3n de su navegador. Puede desactivar las cookies, pero el Sitio Web o algunas de sus secciones podr\u00edan no funcionar correctamente.<\/p>\n<p>&nbsp;<\/p>\n<h2>2. \u00bfQu\u00e9 tipo de cookies utilizamos?<\/h2>\n<p>Seg\u00fan la entidad que las gestione, las cookies pueden ser:<\/p>\n<ul>\n<li style=\"text-align: justify;\"><strong>Cookies propias<\/strong>: Son aqu\u00e9llas que se env\u00edan al equipo terminal del interesado desde un equipo o dominio gestionado por el propio editor y desde el que se presta el servicio solicitado por el usuario.<\/li>\n<li style=\"text-align: justify;\"><strong>Cookies de terceros<\/strong>: Son aqu\u00e9llas que se env\u00edan al equipo terminal del usuario desde un equipo o dominio que no es gestionado por el editor, sino por otra entidad que trata los datos obtenidos trav\u00e9s de las cookies.<\/li>\n<li>El Sitio Web utiliza tanto cookies propias como de terceros.<\/li>\n<\/ul>\n<p>Seg\u00fan el plazo de tiempo que permanecen activadas:<\/p>\n<ul>\n<li style=\"text-align: justify;\"><strong>Cookies de sesi\u00f3n<\/strong>: Son un tipo de cookies dise\u00f1adas para recabar y almacenar datos mientras el usuario accede a una p\u00e1gina web. Se suelen emplear para almacenar informaci\u00f3n que solo interesa conservar para la prestaci\u00f3n del servicio solicitado por el usuario en una sola ocasi\u00f3n (p.ej. una lista de productos adquiridos).<\/li>\n<li style=\"text-align: justify;\"><strong>Cookies persistentes<\/strong>: Son un tipo de cookies en el que los datos siguen almacenados en el terminal y pueden ser accedidos y tratados durante un periodo definido por el responsable de la cookie, y que puede ir de unos minutos a varios a\u00f1os.<br \/>El Sitio Web utiliza tanto cookies persistentes como cookies de sesi\u00f3n.<\/li>\n<\/ul>\n<h2>\u00a0<\/h2>\n<h2>3. \u00bfPara qu\u00e9 finalidades pueden ser utilizadas las cookies del Sitio Web?<\/h2>\n<ul>\n<li style=\"text-align: justify;\"><strong>Cookies t\u00e9cnicas<\/strong>: Son aqu\u00e9llas que permiten al usuario la navegaci\u00f3n a trav\u00e9s de una p\u00e1gina web, plataforma o aplicaci\u00f3n y la utilizaci\u00f3n de las diferentes opciones o servicios que en ella existan como, por ejemplo, controlar el tr\u00e1fico y la comunicaci\u00f3n de datos, identificar la sesi\u00f3n, acceder a partes de acceso restringido, recordar los elementos que integran un pedido, realizar el proceso de compra de un pedido, realizar la solicitud de inscripci\u00f3n o participaci\u00f3n en un evento, utilizar elementos de seguridad durante la navegaci\u00f3n, almacenar contenidos para la difusi\u00f3n de videos o sonido o compartir contenidos a trav\u00e9s de redes sociales.<\/li>\n<li style=\"text-align: justify;\"><strong>Cookies de personalizaci\u00f3n<\/strong>: Son aqu\u00e9llas que permiten al usuario acceder al servicio con algunas caracter\u00edsticas de car\u00e1cter general predefinidas en funci\u00f3n de una serie de criterios en el terminal del usuario como por ejemplo serian el idioma, el tipo de navegador a trav\u00e9s del cual accede al servicio, la configuraci\u00f3n regional desde donde accede al servicio, etc.<\/li>\n<li style=\"text-align: justify;\"><strong>Cookies de an\u00e1lisis<\/strong>: Son aqu\u00e9llas que permiten al responsable de las mismas, el seguimiento y an\u00e1lisis del comportamiento de los usuarios de los sitios web a los que est\u00e1n vinculadas. La informaci\u00f3n recogida mediante este tipo de cookies se utiliza en la medici\u00f3n de la actividad de los sitios web, aplicaci\u00f3n o plataforma y para la elaboraci\u00f3n de perfiles de navegaci\u00f3n de los usuarios de dichos sitios, aplicaciones y plataformas, con el fin de introducir mejoras en funci\u00f3n del an\u00e1lisis de los datos de uso que hacen los usuarios del servicio.<\/li>\n<li style=\"text-align: justify;\"><strong>Cookies publicitarias<\/strong>: Son aqu\u00e9llas que permiten la gesti\u00f3n, de la forma m\u00e1s eficaz posible, de los espacios publicitarios que, en su caso, el editor haya incluido en una p\u00e1gina web, aplicaci\u00f3n o plataforma desde la que presta el servicio solicitado en base a criterios como el contenido editado o la frecuencia en la que se muestran los anuncios.<\/li>\n<li style=\"text-align: justify;\"><strong>Cookies de publicidad comportamental<\/strong>: Son aqu\u00e9llas que permiten la gesti\u00f3n, de la forma m\u00e1s eficaz posible, de los espacios publicitarios que, en su caso, el editor haya incluido en una p\u00e1gina web, aplicaci\u00f3n o plataforma desde la que presta el servicio solicitado. Estas cookies almacenan informaci\u00f3n del comportamiento de los usuarios obtenida a trav\u00e9s de la observaci\u00f3n continuada de sus h\u00e1bitos de navegaci\u00f3n, lo que permite desarrollar un perfil espec\u00edfico para mostrar publicidad en funci\u00f3n del mismo.<\/li>\n<\/ul>\n<p>El Sitio Web utiliza cookies para las finalidades citadas.<\/p>\n<p>&nbsp;<\/p>\n<h2>4. \u00bfQu\u00e9 tecnolog\u00edas de seguimiento utilizamos?<\/h2>\n<p style=\"text-align: justify;\">Adem\u00e1s de las cookies, existen otras tecnolog\u00edas que nos permiten hacer seguimiento de su navegaci\u00f3n y obtener informaci\u00f3n sobre su actividad en el Sitio Web.<\/p>\n<p>&nbsp;<\/p>\n<h2>5. \u00bfC\u00f3mo puedo desactivar las cookies?<\/h2>\n<p style=\"text-align: justify;\">Puede configurar su navegador para que rechace todas las cookies. Sin embargo, es posible que algunas caracter\u00edsticas o servicios de la Web no funcionen correctamente sin cookies. La mayor\u00eda de navegadores te permiten desactivar completamente las cookies, de manera que Usted podr\u00e1 en cualquier momento elegir qu\u00e9 cookies quiere que funcionen en este Sitio Web modificando la configuraci\u00f3n de su navegador. Puede encontrar m\u00e1s informaci\u00f3n en la configuraci\u00f3n de su navegador. A continuaci\u00f3n, le facilitamos tambi\u00e9n los enlaces a las webs de los principales de los navegadores:<\/p>\n<p>\u25ba\u00a0\u00a0<a href=\"https:\/\/support.apple.com\/kb\/PH19214?viewlocale=en_US&amp;locale=en_US\" target=\"_blank\" rel=\"noopener\">Apple Safari<\/a><\/p>\n<p>\u25ba \u00a0<a href=\"https:\/\/support.google.com\/chrome\/answer\/95647?hl=en&amp;p=cpn_cookies\" target=\"_blank\" rel=\"noopener\">Google Chrome<\/a><\/p>\n<p>\u25ba \u00a0<a href=\"https:\/\/support.microsoft.com\/es-es\/microsoft-edge\/eliminar-las-cookies-en-microsoft-edge-63947406-40ac-c3b8-57b9-2a946a29ae09\" target=\"_blank\" rel=\"noopener\">Microsoft Edge<\/a><\/p>\n<p>\u25ba \u00a0<a href=\"https:\/\/support.mozilla.org\/en-US\/kb\/cookies-information-websites-store-on-your-computer\" target=\"_blank\" rel=\"noopener\">Mozilla Firefox<\/a><\/p>\n\r\n\t\t<\/div>\r\n\t<\/div>\r\n<\/div><\/div><\/div><\/div>\n<\/section>","protected":false},"excerpt":{"rendered":"Las cookies y otras tecnolog\u00edas de seguimiento nos permiten, entre otras finalidades, recordar sus preferencias y reconocerle en sucesivas visitas. Esto se consigue almacenando en su equipo cierta informaci\u00f3n. 1. \u00bfQu\u00e9 es una cookie? Una cookie es un dispositivo que se descarga en el equipo terminal de un usuario con la finalidad de almacenar datos [...]","protected":false},"author":1,"featured_media":0,"parent":0,"menu_order":0,"comment_status":"closed","ping_status":"closed","template":"","meta":{"footnotes":""},"class_list":["post-21756","page","type-page","status-publish","hentry"],"aioseo_notices":[],"_links":{"self":[{"href":"https:\/\/ipsilonlabs.com\/en\/wp-json\/wp\/v2\/pages\/21756","targetHints":{"allow":["GET"]}}],"collection":[{"href":"https:\/\/ipsilonlabs.com\/en\/wp-json\/wp\/v2\/pages"}],"about":[{"href":"https:\/\/ipsilonlabs.com\/en\/wp-json\/wp\/v2\/types\/page"}],"author":[{"embeddable":true,"href":"https:\/\/ipsilonlabs.com\/en\/wp-json\/wp\/v2\/users\/1"}],"replies":[{"embeddable":true,"href":"https:\/\/ipsilonlabs.com\/en\/wp-json\/wp\/v2\/comments?post=21756"}],"version-history":[{"count":2,"href":"https:\/\/ipsilonlabs.com\/en\/wp-json\/wp\/v2\/pages\/21756\/revisions"}],"predecessor-version":[{"id":21762,"href":"https:\/\/ipsilonlabs.com\/en\/wp-json\/wp\/v2\/pages\/21756\/revisions\/21762"}],"wp:attachment":[{"href":"https:\/\/ipsilonlabs.com\/en\/wp-json\/wp\/v2\/media?parent=21756"}],"curies":[{"name":"wp","href":"https:\/\/api.w.org\/{rel}","templated":true}]}}