{"id":19605,"date":"2019-07-04T11:19:40","date_gmt":"2019-07-04T11:19:40","guid":{"rendered":"https:\/\/ipsilonlabs.com\/?page_id=19605"},"modified":"2024-08-26T12:19:56","modified_gmt":"2024-08-26T12:19:56","slug":"contacto","status":"publish","type":"page","link":"https:\/\/ipsilonlabs.com\/en\/contacto\/","title":{"rendered":"Contact"},"content":{"rendered":"<section class=\"wpb-content-wrapper\"><section data-vc-full-width=\"true\" data-vc-full-width-init=\"false\" class=\"vc_section vc_custom_1578572974373 vc_section-has-fill\"><div  data-delay=\"0\" class=\"vc_row wpb_row vc_row-fluid vc_column-gap-30\"><div class=\"rs_col-sm-12 wpb_column vc_column_container vc_col-sm-6 vc_col-lg-offset-0 vc_col-lg-6 vc_col-md-offset-2 vc_col-md-8 vc_col-sm-offset-0\" data-delay=\"0\"><div class=\"vc_column-inner\" style=\" text-align:center; \"><div class=\"wpb_wrapper\"><div id=\"1578571741565-0debfe39-fa92\" class=\"dt-sc-empty-space\"><\/div><h2 class=\"\" data-delay='0'>Contact Information<\/h2><div id=\"1705930312834-dfe6cac7-1784\" class=\"dt-sc-empty-space\"><\/div><div class=\"vc_row wpb_row vc_inner vc_row-fluid\"><div class=\"wpb_column vc_column_container vc_col-sm-6\"><div class=\"vc_column-inner\"><div class=\"wpb_wrapper\"><div class='dt-sc-contact-info type2' data-delay='0'><span class='fa fa-phone'> <\/span><h6>Phone<\/h6><a href=\"tel:+34641531552\">+34 641 531 552<\/a><\/div><div id=\"1578573498195-5d8254ff-0dc2\" class=\"dt-sc-empty-space\"><\/div><\/div><\/div><\/div><div class=\"wpb_column vc_column_container vc_col-sm-6\"><div class=\"vc_column-inner\"><div class=\"wpb_wrapper\"><div class='dt-sc-contact-info type2' data-delay='0'><span class='fa fa-envelope'> <\/span><h6>Mail<\/h6><a href=\"mailto:info@ipsilonlabs.com\">info@ipsilonlabs.com<\/a><\/div><div id=\"1578573500351-8254e24e-c493\" class=\"dt-sc-empty-space\"><\/div><\/div><\/div><\/div><\/div><div id=\"1578571956654-0251239c-86e2\" class=\"dt-sc-empty-space\"><\/div><div class=\"vc_row wpb_row vc_inner vc_row-fluid\"><div class=\"wpb_column vc_column_container vc_col-sm-6\"><div class=\"vc_column-inner\"><div class=\"wpb_wrapper\"><div class='dt-sc-contact-info type2' data-delay='0'><span class='zmdi zmdi-pin zmdi-hc-fw'> <\/span><h6>Ubicaci\u00f3n<\/h6>18003, Granada, <br> Spain<\/div><div id=\"1578573503105-3e22c1e1-f7ac\" class=\"dt-sc-empty-space\"><\/div><\/div><\/div><\/div><div class=\"wpb_column vc_column_container vc_col-sm-6\"><div class=\"vc_column-inner\"><div class=\"wpb_wrapper\"><div class='dt-sc-contact-info type2' data-delay='0'><span class='zmdi zmdi-timer zmdi-hc-fw'> <\/span><h6>Opening hours<\/h6>Mon \u2013 Fri 9:00 a 19:00 <br> Sat \u2013 10:00 a 14:00<\/div><div id=\"1563867877395-ff21296e-6780\" class=\"dt-sc-empty-space\"><\/div><\/div><\/div><\/div><\/div><\/div><\/div><\/div><div class=\"rs_col-sm-12 wpb_column vc_column_container vc_col-sm-6 vc_col-lg-offset-0 vc_col-lg-6 vc_col-md-offset-2 vc_col-md-8 vc_col-sm-offset-0 vc_col-has-fill\" data-delay=\"0\"><div class=\"vc_column-inner vc_custom_1578574338780\" style=\" text-align:center; \"><div class=\"wpb_wrapper\"><div id=\"1578571055775-3addb5c9-8c26\" class=\"dt-sc-empty-space\"><\/div><h2 class=\"\" data-delay='0'>Request information<\/h2>\r\n\t<div class=\"wpb_text_column wpb_content_element\" style=\"max-width:520px; margin: auto;\">\r\n\t\t<div class=\"wpb_wrapper\">\r\n\t\t\t<p>We are at your disposal 24 hours a day, 7 days a week, by email. You can also use our quick contact form to ask us a question about our services.<\/p>\n\r\n\t\t<\/div>\r\n\t<\/div>\r\n<div id=\"1578571842416-1d9619ae-c479\" class=\"dt-sc-empty-space\"><\/div>\n<div class=\"wpcf7 no-js\" id=\"wpcf7-f18178-o1\" lang=\"en-US\" dir=\"ltr\" data-wpcf7-id=\"18178\">\n<div class=\"screen-reader-response\"><p role=\"status\" aria-live=\"polite\" aria-atomic=\"true\"><\/p> <ul><\/ul><\/div>\n<form action=\"\/en\/wp-json\/wp\/v2\/pages\/19605#wpcf7-f18178-o1\" method=\"post\" class=\"wpcf7-form init contact_form\" aria-label=\"Contact form\" novalidate=\"novalidate\" data-status=\"init\" data-trp-original-action=\"\/en\/wp-json\/wp\/v2\/pages\/19605#wpcf7-f18178-o1\">\n<fieldset class=\"hidden-fields-container\"><input type=\"hidden\" name=\"_wpcf7\" value=\"18178\" \/><input type=\"hidden\" name=\"_wpcf7_version\" value=\"6.1.5\" \/><input type=\"hidden\" name=\"_wpcf7_locale\" value=\"en_US\" \/><input type=\"hidden\" name=\"_wpcf7_unit_tag\" value=\"wpcf7-f18178-o1\" \/><input type=\"hidden\" name=\"_wpcf7_container_post\" value=\"0\" \/><input type=\"hidden\" name=\"_wpcf7_posted_data_hash\" value=\"\" \/>\n<\/fieldset>\n<div class=\"row contact-form\">\n\t<div class=\"col-md-6\">\n\t\t<div class=\"input-group\">\n\t\t\t<p><span class=\"wpcf7-form-control-wrap\" data-name=\"full-name\"><input size=\"40\" maxlength=\"400\" class=\"wpcf7-form-control wpcf7-text wpcf7-validates-as-required\" aria-required=\"true\" aria-invalid=\"false\" placeholder=\"Full name *\" value=\"\" type=\"text\" name=\"full-name\" \/><\/span>\n\t\t\t<\/p>\n\t\t<\/div>\n\t<\/div>\n\t<div class=\"col-md-6\">\n\t\t<div class=\"input-group\">\n\t\t\t<p><span class=\"wpcf7-form-control-wrap\" data-name=\"company\"><input size=\"40\" maxlength=\"400\" class=\"wpcf7-form-control wpcf7-text wpcf7-validates-as-required\" aria-required=\"true\" aria-invalid=\"false\" placeholder=\"Company *\" value=\"\" type=\"text\" name=\"company\" \/><\/span>\n\t\t\t<\/p>\n\t\t<\/div>\n\t<\/div>\n\t<div class=\"col-md-6\">\n\t\t<div class=\"input-group\">\n\t\t\t<p><span class=\"wpcf7-form-control-wrap\" data-name=\"email-here\"><input size=\"40\" maxlength=\"400\" class=\"wpcf7-form-control wpcf7-email wpcf7-validates-as-required wpcf7-text wpcf7-validates-as-email\" aria-required=\"true\" aria-invalid=\"false\" placeholder=\"Mail *\" value=\"\" type=\"email\" name=\"email-here\" \/><\/span>\n\t\t\t<\/p>\n\t\t<\/div>\n\t<\/div>\n\t<div class=\"col-md-6\">\n\t\t<div class=\"input-group\">\n\t\t\t<p><span class=\"wpcf7-form-control-wrap\" data-name=\"tel\"><input size=\"40\" maxlength=\"400\" class=\"wpcf7-form-control wpcf7-tel wpcf7-text wpcf7-validates-as-tel\" aria-invalid=\"false\" placeholder=\"Phone\" value=\"\" type=\"tel\" name=\"tel\" \/><\/span>\n\t\t\t<\/p>\n\t\t<\/div>\n\t<\/div>\n\t<div class=\"col-md-12\">\n\t\t<div class=\"input-group\">\n\t\t\t<p><span class=\"wpcf7-form-control-wrap\" data-name=\"asunto\"><input size=\"40\" maxlength=\"400\" class=\"wpcf7-form-control wpcf7-text wpcf7-validates-as-required\" aria-required=\"true\" aria-invalid=\"false\" placeholder=\"Subject *\" value=\"\" type=\"text\" name=\"asunto\" \/><\/span>\n\t\t\t<\/p>\n\t\t<\/div>\n\t<\/div>\n\t<div class=\"col-md-12\">\n\t\t<div class=\"input-group textarea-group\">\n\t\t\t<p><span class=\"wpcf7-form-control-wrap\" data-name=\"message\"><textarea cols=\"40\" rows=\"10\" maxlength=\"2000\" class=\"wpcf7-form-control wpcf7-textarea wpcf7-validates-as-required\" aria-required=\"true\" aria-invalid=\"false\" placeholder=\"Write your message here\" name=\"message\"><\/textarea><\/span>\n\t\t\t<\/p>\n\t\t<\/div>\n\t<\/div>\n\t<div class=\"col-md-12\">\n\t\t<p><span class=\"wpcf7-form-control-wrap\" data-name=\"polticadeprivacidad\"><span class=\"wpcf7-form-control wpcf7-acceptance\"><span class=\"wpcf7-list-item\"><label><input type=\"checkbox\" name=\"polticadeprivacidad\" value=\"1\" aria-invalid=\"false\" \/><span class=\"wpcf7-list-item-label\">I have read and accept the <a href:\"\">Privacy Policy *<\/a><\/span><\/label><\/span><\/span><\/span>\n\t\t<\/p>\n\t<\/div>\n\t<div class=\"col-md-12\">\n\t\t<div class=\"input-group\">\n\t\t\t<p><input class=\"wpcf7-form-control wpcf7-submit has-spinner main-btn\" type=\"submit\" value=\"Send\" \/>\n\t\t\t<\/p>\n\t\t<\/div>\n\t<\/div>\n<\/div><div class=\"wpcf7-response-output\" aria-hidden=\"true\"><\/div>\n<input type=\"hidden\" name=\"trp-form-language\" value=\"en\"\/><\/form>\n<\/div>\n<div id=\"1551337729820-6dd5288a-6948\" class=\"dt-sc-empty-space\"><\/div><\/div><\/div><\/div><\/div><div  data-delay=\"0\" class=\"vc_row wpb_row vc_row-fluid\"><div class=\"wpb_column vc_column_container vc_col-sm-12\" data-delay=\"0\"><div class=\"vc_column-inner\"><div class=\"wpb_wrapper\"><div id=\"1562853821234-2cb4752a-9180\" class=\"dt-sc-empty-space  hide_on_xs\"><\/div><\/div><\/div><\/div><\/div><div  data-delay=\"0\" class=\"vc_row wpb_row vc_row-fluid\"><div class=\"wpb_column vc_column_container vc_col-sm-12\" data-delay=\"0\"><div class=\"vc_column-inner\"><div class=\"wpb_wrapper\"><div id=\"1578572985261-d22e2245-bc4c\" class=\"dt-sc-empty-space\"><\/div><\/div><\/div><\/div><\/div><\/section><div class=\"vc_row-full-width vc_clearfix\"><\/div>\n<\/section>","protected":false},"excerpt":{"rendered":"Informaci\u00f3n de Contacto Tel\u00e9fono+34 641 531 552 Mailinfo@ipsilonlabs.com Ubicaci\u00f3n18003, Granada, Espa\u00f1a HorarioLun \u2013 Vie 9:00 a 19:00 S\u00e1b \u2013 10:00 a 14:00Solicite informaci\u00f3n Estamos a su disposici\u00f3n 24 horas al d\u00eda, 7 d\u00edas a la semana, por correo electr\u00f3nico. Tambi\u00e9n puede utilizar nuestro formulario de contacto r\u00e1pido para hacernos una pregunta sobre nuestros servicios. He [...]","protected":false},"author":1,"featured_media":0,"parent":0,"menu_order":0,"comment_status":"closed","ping_status":"closed","template":"","meta":{"footnotes":""},"class_list":["post-19605","page","type-page","status-publish","hentry"],"aioseo_notices":[],"_links":{"self":[{"href":"https:\/\/ipsilonlabs.com\/en\/wp-json\/wp\/v2\/pages\/19605","targetHints":{"allow":["GET"]}}],"collection":[{"href":"https:\/\/ipsilonlabs.com\/en\/wp-json\/wp\/v2\/pages"}],"about":[{"href":"https:\/\/ipsilonlabs.com\/en\/wp-json\/wp\/v2\/types\/page"}],"author":[{"embeddable":true,"href":"https:\/\/ipsilonlabs.com\/en\/wp-json\/wp\/v2\/users\/1"}],"replies":[{"embeddable":true,"href":"https:\/\/ipsilonlabs.com\/en\/wp-json\/wp\/v2\/comments?post=19605"}],"version-history":[{"count":10,"href":"https:\/\/ipsilonlabs.com\/en\/wp-json\/wp\/v2\/pages\/19605\/revisions"}],"predecessor-version":[{"id":21912,"href":"https:\/\/ipsilonlabs.com\/en\/wp-json\/wp\/v2\/pages\/19605\/revisions\/21912"}],"wp:attachment":[{"href":"https:\/\/ipsilonlabs.com\/en\/wp-json\/wp\/v2\/media?parent=19605"}],"curies":[{"name":"wp","href":"https:\/\/api.w.org\/{rel}","templated":true}]}}