{"id":19566,"date":"2019-07-04T10:25:10","date_gmt":"2019-07-04T10:25:10","guid":{"rendered":"https:\/\/ipsilonlabs.com\/?page_id=19566"},"modified":"2024-05-02T09:31:02","modified_gmt":"2024-05-02T09:31:02","slug":"colecciones","status":"publish","type":"page","link":"https:\/\/ipsilonlabs.com\/en\/colecciones\/","title":{"rendered":"Collections"},"content":{"rendered":"<section class=\"wpb-content-wrapper\"><div  data-delay=\"0\" class=\"vc_row wpb_row vc_row-fluid\"><div class=\"rs_col-sm-6 wpb_column vc_column_container vc_col-sm-4\" data-delay=\"0\"><div class=\"vc_column-inner\"><div class=\"wpb_wrapper\"><div class='dt-sc-image-caption type8  with-bordered' data-delay='0'><div class='dt-sc-image-wrapper'><a href=\"https:\/\/ipsilonlabs.com\/en\/tienda\/?orderby=popularity\" target=\"_self\"><img loading=\"lazy\" decoding=\"async\" width=\"800\" height=\"800\" src=\"https:\/\/ipsilonlabs.com\/wp-content\/uploads\/2024\/05\/Mas-vendidos.webp\" class=\"attachment-full\" alt=\"M\u00e1s vendidos\" title=\"Bestsellers\" srcset=\"https:\/\/ipsilonlabs.com\/wp-content\/uploads\/2024\/05\/Mas-vendidos.webp 800w, https:\/\/ipsilonlabs.com\/wp-content\/uploads\/2024\/05\/Mas-vendidos-300x300.webp 300w, https:\/\/ipsilonlabs.com\/wp-content\/uploads\/2024\/05\/Mas-vendidos-150x150.webp 150w, https:\/\/ipsilonlabs.com\/wp-content\/uploads\/2024\/05\/Mas-vendidos-768x768.webp 768w, https:\/\/ipsilonlabs.com\/wp-content\/uploads\/2024\/05\/Mas-vendidos-450x450.webp 450w, https:\/\/ipsilonlabs.com\/wp-content\/uploads\/2024\/05\/Mas-vendidos-420x420.webp 420w, https:\/\/ipsilonlabs.com\/wp-content\/uploads\/2024\/05\/Mas-vendidos-750x750.webp 750w, https:\/\/ipsilonlabs.com\/wp-content\/uploads\/2024\/05\/Mas-vendidos-540x540.webp 540w, https:\/\/ipsilonlabs.com\/wp-content\/uploads\/2024\/05\/Mas-vendidos-250x250.webp 250w\" sizes=\"auto, (max-width: 800px) 100vw, 800px\" \/><\/a><\/div><div class='dt-sc-image-content'><div class='dt-sc-image-title'><h3><a href=\"https:\/\/ipsilonlabs.com\/en\/tienda\/?orderby=popularity\" target=\"_self\">Bestsellers<\/a><\/h3><h6>15 Items<\/h6><\/div><p><a href='https:\/\/ipsilonlabs.com\/en\/tienda\/?orderby=popularity' target='_self' title='' class='dt-sc-button   large   filled rounded-corner' data-delay='0' > Learn more <\/a><\/p><\/div><\/div><div id=\"1563800388777-c1ba3b97-37de\" class=\"dt-sc-empty-space\"><\/div><\/div><\/div><\/div><div class=\"rs_col-sm-6 wpb_column vc_column_container vc_col-sm-4\" data-delay=\"0\"><div class=\"vc_column-inner\"><div class=\"wpb_wrapper\"><div class='dt-sc-image-caption type8  with-bordered' data-delay='0'><div class='dt-sc-image-wrapper'><a href=\"https:\/\/ipsilonlabs.com\/en\/tienda\/\" target=\"_self\"><img loading=\"lazy\" decoding=\"async\" width=\"800\" height=\"800\" src=\"https:\/\/ipsilonlabs.com\/wp-content\/uploads\/2024\/05\/En-Oferta.webp\" class=\"attachment-full\" alt=\"En Oferta\" title=\"Special discount\" srcset=\"https:\/\/ipsilonlabs.com\/wp-content\/uploads\/2024\/05\/En-Oferta.webp 800w, https:\/\/ipsilonlabs.com\/wp-content\/uploads\/2024\/05\/En-Oferta-300x300.webp 300w, https:\/\/ipsilonlabs.com\/wp-content\/uploads\/2024\/05\/En-Oferta-150x150.webp 150w, https:\/\/ipsilonlabs.com\/wp-content\/uploads\/2024\/05\/En-Oferta-768x768.webp 768w, https:\/\/ipsilonlabs.com\/wp-content\/uploads\/2024\/05\/En-Oferta-450x450.webp 450w, https:\/\/ipsilonlabs.com\/wp-content\/uploads\/2024\/05\/En-Oferta-420x420.webp 420w, https:\/\/ipsilonlabs.com\/wp-content\/uploads\/2024\/05\/En-Oferta-750x750.webp 750w, https:\/\/ipsilonlabs.com\/wp-content\/uploads\/2024\/05\/En-Oferta-540x540.webp 540w, https:\/\/ipsilonlabs.com\/wp-content\/uploads\/2024\/05\/En-Oferta-250x250.webp 250w\" sizes=\"auto, (max-width: 800px) 100vw, 800px\" \/><\/a><\/div><div class='dt-sc-image-content'><div class='dt-sc-image-title'><h3><a href=\"https:\/\/ipsilonlabs.com\/en\/tienda\/\" target=\"_self\">Special discount<\/a><\/h3><h6>11 Items<\/h6><\/div><p><a href='https:\/\/ipsilonlabs.com\/en\/tienda\/' target='_self' title='' class='dt-sc-button   large   filled rounded-corner' data-delay='0' > Learn more <\/a><\/p><\/div><\/div><div id=\"1563800392416-42e42f42-3f04\" class=\"dt-sc-empty-space\"><\/div><\/div><\/div><\/div><div class=\"rs_col-sm-6 wpb_column vc_column_container vc_col-sm-4\" data-delay=\"0\"><div class=\"vc_column-inner\"><div class=\"wpb_wrapper\"><div class='dt-sc-image-caption type8  with-bordered' data-delay='0'><div class='dt-sc-image-wrapper'><a href=\"https:\/\/ipsilonlabs.com\/en\/tienda\/?orderby=date\" target=\"_self\"><img loading=\"lazy\" decoding=\"async\" width=\"800\" height=\"800\" src=\"https:\/\/ipsilonlabs.com\/wp-content\/uploads\/2024\/05\/Page-1.webp\" class=\"attachment-full\" alt=\"Novedades\" title=\"News\" srcset=\"https:\/\/ipsilonlabs.com\/wp-content\/uploads\/2024\/05\/Page-1.webp 800w, https:\/\/ipsilonlabs.com\/wp-content\/uploads\/2024\/05\/Page-1-300x300.webp 300w, https:\/\/ipsilonlabs.com\/wp-content\/uploads\/2024\/05\/Page-1-150x150.webp 150w, https:\/\/ipsilonlabs.com\/wp-content\/uploads\/2024\/05\/Page-1-768x768.webp 768w, https:\/\/ipsilonlabs.com\/wp-content\/uploads\/2024\/05\/Page-1-450x450.webp 450w, https:\/\/ipsilonlabs.com\/wp-content\/uploads\/2024\/05\/Page-1-420x420.webp 420w, https:\/\/ipsilonlabs.com\/wp-content\/uploads\/2024\/05\/Page-1-750x750.webp 750w, https:\/\/ipsilonlabs.com\/wp-content\/uploads\/2024\/05\/Page-1-540x540.webp 540w, https:\/\/ipsilonlabs.com\/wp-content\/uploads\/2024\/05\/Page-1-250x250.webp 250w\" sizes=\"auto, (max-width: 800px) 100vw, 800px\" \/><\/a><\/div><div class='dt-sc-image-content'><div class='dt-sc-image-title'><h3><a href=\"https:\/\/ipsilonlabs.com\/en\/tienda\/?orderby=date\" target=\"_self\">News<\/a><\/h3><h6>14 Items<\/h6><\/div><p><a href='https:\/\/ipsilonlabs.com\/en\/tienda\/?orderby=ate' target='_self' title='' class='dt-sc-button   large   filled rounded-corner' data-delay='0' > Learn more <\/a><\/p><\/div><\/div><div id=\"1563800356854-c6c489f3-33e3\" class=\"dt-sc-empty-space\"><\/div><\/div><\/div><\/div><\/div><div  data-delay=\"0\" class=\"vc_row wpb_row vc_row-fluid\"><div class=\"rs_col-sm-6 wpb_column vc_column_container vc_col-sm-4\" data-delay=\"0\"><div class=\"vc_column-inner\"><div class=\"wpb_wrapper\"><div class='dt-sc-image-caption type8  with-bordered' data-delay='0'><div class='dt-sc-image-wrapper'><a href=\"https:\/\/ipsilonlabs.com\/en\/product-category\/mineria\/\" target=\"_self\"><img loading=\"lazy\" decoding=\"async\" width=\"1000\" height=\"1000\" src=\"https:\/\/ipsilonlabs.com\/wp-content\/uploads\/2024\/04\/shaking-table-1.webp\" class=\"attachment-full\" alt=\"Mesa densim\u00e9trica\" title=\"shaking-table-1\" srcset=\"https:\/\/ipsilonlabs.com\/wp-content\/uploads\/2024\/04\/shaking-table-1.webp 1000w, https:\/\/ipsilonlabs.com\/wp-content\/uploads\/2024\/04\/shaking-table-1-300x300.webp 300w, https:\/\/ipsilonlabs.com\/wp-content\/uploads\/2024\/04\/shaking-table-1-150x150.webp 150w, https:\/\/ipsilonlabs.com\/wp-content\/uploads\/2024\/04\/shaking-table-1-768x768.webp 768w, https:\/\/ipsilonlabs.com\/wp-content\/uploads\/2024\/04\/shaking-table-1-450x450.webp 450w, https:\/\/ipsilonlabs.com\/wp-content\/uploads\/2024\/04\/shaking-table-1-420x420.webp 420w, https:\/\/ipsilonlabs.com\/wp-content\/uploads\/2024\/04\/shaking-table-1-750x750.webp 750w, https:\/\/ipsilonlabs.com\/wp-content\/uploads\/2024\/04\/shaking-table-1-540x540.webp 540w, https:\/\/ipsilonlabs.com\/wp-content\/uploads\/2024\/04\/shaking-table-1-250x250.webp 250w\" sizes=\"auto, (max-width: 1000px) 100vw, 1000px\" \/><\/a><\/div><div class='dt-sc-image-content'><div class='dt-sc-image-title'><h3><a href=\"https:\/\/ipsilonlabs.com\/en\/product-category\/mineria\/\" target=\"_self\">Mining and metallurgy<\/a><\/h3><h6>8 Art\u00edculos<\/h6><\/div><p><a href='https:\/\/ipsilonlabs.com\/en\/tienda\/product-category\/mineria\/' target='_self' title='' class='dt-sc-button   large   filled rounded-corner' data-delay='0' > Learn more <\/a><\/p><\/div><\/div><div id=\"1706099720863-24bbbfb5-d7a6\" class=\"dt-sc-empty-space\"><\/div><\/div><\/div><\/div><div class=\"rs_col-sm-6 wpb_column vc_column_container vc_col-sm-4\" data-delay=\"0\"><div class=\"vc_column-inner\"><div class=\"wpb_wrapper\"><div class='dt-sc-image-caption type8  with-bordered' data-delay='0'><div class='dt-sc-image-wrapper'><a href=\"https:\/\/ipsilonlabs.com\/en\/product-category\/ensayos-materiales\/\" target=\"_self\"><img loading=\"lazy\" decoding=\"async\" width=\"800\" height=\"800\" src=\"https:\/\/ipsilonlabs.com\/wp-content\/uploads\/2024\/04\/Tensile-Strength-Testing-Machine-03.webp\" class=\"attachment-full\" alt=\"Ensayo traccion\" title=\"Tensile-Strength-Testing-Machine-03\" srcset=\"https:\/\/ipsilonlabs.com\/wp-content\/uploads\/2024\/04\/Tensile-Strength-Testing-Machine-03.webp 800w, https:\/\/ipsilonlabs.com\/wp-content\/uploads\/2024\/04\/Tensile-Strength-Testing-Machine-03-300x300.webp 300w, https:\/\/ipsilonlabs.com\/wp-content\/uploads\/2024\/04\/Tensile-Strength-Testing-Machine-03-150x150.webp 150w, https:\/\/ipsilonlabs.com\/wp-content\/uploads\/2024\/04\/Tensile-Strength-Testing-Machine-03-768x768.webp 768w, https:\/\/ipsilonlabs.com\/wp-content\/uploads\/2024\/04\/Tensile-Strength-Testing-Machine-03-450x450.webp 450w, https:\/\/ipsilonlabs.com\/wp-content\/uploads\/2024\/04\/Tensile-Strength-Testing-Machine-03-420x420.webp 420w, https:\/\/ipsilonlabs.com\/wp-content\/uploads\/2024\/04\/Tensile-Strength-Testing-Machine-03-750x750.webp 750w, https:\/\/ipsilonlabs.com\/wp-content\/uploads\/2024\/04\/Tensile-Strength-Testing-Machine-03-540x540.webp 540w, https:\/\/ipsilonlabs.com\/wp-content\/uploads\/2024\/04\/Tensile-Strength-Testing-Machine-03-250x250.webp 250w\" sizes=\"auto, (max-width: 800px) 100vw, 800px\" \/><\/a><\/div><div class='dt-sc-image-content'><div class='dt-sc-image-title'><h3><a href=\"https:\/\/ipsilonlabs.com\/en\/product-category\/ensayos-materiales\/\" target=\"_self\">Materials testing<\/a><\/h3><h6>15 Items<\/h6><\/div><p><a href='https:\/\/ipsilonlabs.com\/en\/product-category\/ensayos-materiales\/' target='_self' title='' class='dt-sc-button   large   filled rounded-corner' data-delay='0' > Learn more <\/a><\/p><\/div><\/div><div id=\"1706099720863-af954ef6-b1de\" class=\"dt-sc-empty-space\"><\/div><\/div><\/div><\/div><div class=\"rs_col-sm-6 wpb_column vc_column_container vc_col-sm-4\" data-delay=\"0\"><div class=\"vc_column-inner\"><div class=\"wpb_wrapper\"><div class='dt-sc-image-caption type8  with-bordered' data-delay='0'><div class='dt-sc-image-wrapper'><a href=\"https:\/\/ipsilonlabs.com\/en\/product-category\/filtracion\/\" target=\"_self\"><img loading=\"lazy\" decoding=\"async\" width=\"600\" height=\"600\" src=\"https:\/\/ipsilonlabs.com\/wp-content\/uploads\/2024\/04\/Tamiz-vibratorio-humedo.webp\" class=\"attachment-full\" alt=\"Tamiz vibratorio humedo\" title=\"Tamiz vibratorio humedo\" srcset=\"https:\/\/ipsilonlabs.com\/wp-content\/uploads\/2024\/04\/Tamiz-vibratorio-humedo.webp 600w, https:\/\/ipsilonlabs.com\/wp-content\/uploads\/2024\/04\/Tamiz-vibratorio-humedo-300x300.webp 300w, https:\/\/ipsilonlabs.com\/wp-content\/uploads\/2024\/04\/Tamiz-vibratorio-humedo-150x150.webp 150w, https:\/\/ipsilonlabs.com\/wp-content\/uploads\/2024\/04\/Tamiz-vibratorio-humedo-450x450.webp 450w, https:\/\/ipsilonlabs.com\/wp-content\/uploads\/2024\/04\/Tamiz-vibratorio-humedo-420x420.webp 420w, https:\/\/ipsilonlabs.com\/wp-content\/uploads\/2024\/04\/Tamiz-vibratorio-humedo-540x540.webp 540w, https:\/\/ipsilonlabs.com\/wp-content\/uploads\/2024\/04\/Tamiz-vibratorio-humedo-250x250.webp 250w\" sizes=\"auto, (max-width: 600px) 100vw, 600px\" \/><\/a><\/div><div class='dt-sc-image-content'><div class='dt-sc-image-title'><h3><a href=\"https:\/\/ipsilonlabs.com\/en\/product-category\/filtracion\/\" target=\"_self\">Filtration and separation<\/a><\/h3><h6>9 Items<\/h6><\/div><p><a href='https:\/\/ipsilonlabs.com\/en\/product-category\/filtracion\/' target='_self' title='' class='dt-sc-button   large   filled rounded-corner' data-delay='0' > Learn more <\/a><\/p><\/div><\/div><div id=\"1706099720864-3f9f5b5a-2d67\" class=\"dt-sc-empty-space\"><\/div><\/div><\/div><\/div><\/div>\n<\/section>","protected":false},"excerpt":{"rendered":"M\u00e1s vendidos15 Art\u00edculos Leer M\u00e1s En Oferta11 Art\u00edculos Leer M\u00e1s Novedades14 Art\u00edculos Leer M\u00e1s Miner\u00eda y metalurgia8 Art\u00edculos Leer M\u00e1s Ensayos de materiales15 Art\u00edculos Leer M\u00e1s Filtraci\u00f3n y separaci\u00f3n9 Art\u00edculos Leer M\u00e1s","protected":false},"author":1,"featured_media":0,"parent":0,"menu_order":0,"comment_status":"closed","ping_status":"closed","template":"","meta":{"footnotes":""},"class_list":["post-19566","page","type-page","status-publish","hentry"],"aioseo_notices":[],"_links":{"self":[{"href":"https:\/\/ipsilonlabs.com\/en\/wp-json\/wp\/v2\/pages\/19566","targetHints":{"allow":["GET"]}}],"collection":[{"href":"https:\/\/ipsilonlabs.com\/en\/wp-json\/wp\/v2\/pages"}],"about":[{"href":"https:\/\/ipsilonlabs.com\/en\/wp-json\/wp\/v2\/types\/page"}],"author":[{"embeddable":true,"href":"https:\/\/ipsilonlabs.com\/en\/wp-json\/wp\/v2\/users\/1"}],"replies":[{"embeddable":true,"href":"https:\/\/ipsilonlabs.com\/en\/wp-json\/wp\/v2\/comments?post=19566"}],"version-history":[{"count":11,"href":"https:\/\/ipsilonlabs.com\/en\/wp-json\/wp\/v2\/pages\/19566\/revisions"}],"predecessor-version":[{"id":21853,"href":"https:\/\/ipsilonlabs.com\/en\/wp-json\/wp\/v2\/pages\/19566\/revisions\/21853"}],"wp:attachment":[{"href":"https:\/\/ipsilonlabs.com\/en\/wp-json\/wp\/v2\/media?parent=19566"}],"curies":[{"name":"wp","href":"https:\/\/api.w.org\/{rel}","templated":true}]}}